{"id":3085,"date":"2019-07-12T20:55:45","date_gmt":"2019-07-12T20:55:45","guid":{"rendered":"https:\/\/www.stichtingderoos.nl\/roos151\/?page_id=3085"},"modified":"2019-07-12T21:37:21","modified_gmt":"2019-07-12T21:37:21","slug":"tien-jaar-de-roos","status":"publish","type":"page","link":"https:\/\/www.stichtingderoos.nl\/roos151\/tien-jaar-de-roos\/","title":{"rendered":"Tien jaar \u2018De Roos\u2019"},"content":{"rendered":"\n<p>In Juni 1945, direct dus na afloop van de oorlog, verscheen een circulaire, ondertekend&nbsp; door Chr. Leeflang, Charles Nypels en G.M. van Wees, waarin de oprichting werd bekend gemaakt van een Stichting tot het uitgeven van z.g. \u2018bibliophiele\u2019 boeken in beperkte oplage, onder de naam \u2018De Roos\u2019 en gevestigd te Utrecht.<br>&nbsp;&nbsp;&nbsp;&nbsp; Hoewel het moeilijk was om toen reeds met vastomlijnde voorstellen te komen, is de Stichting uitgegroeid tot wat de oprichters zich er in principe van hadden voorgesteld en wat als volgt werd omschreven:<br>\u201cNu de oorlog tot een geleden verleden behoort en, naar wij vertrouwen gunstiger tijden in aantocht zijn, menen wij, dat het ogenblik is aangebroken om op hechte basis een mogelijkheid te scheppen, die redelijke kansen biedt om aan de Nederlandse boekkunst een durende, vaste en schone kern te geven.<br>&nbsp;&nbsp;&nbsp;&nbsp; Het ligt daartoe in ons voornemen een kring van bibliophielen te stichten met een werkwijze zoals in Nederland tot heden nog niet gekend werd.<br>&nbsp;&nbsp;&nbsp;&nbsp; In ons land, waar terecht de hoogste eisen gesteld mogen worden aan het voortleven van een glorierijke traditie, zijn alle gewenste omstandigheden, op \u00e9\u00e9n na, aanwezig om boeken en bladen te vervaardigen, die nergens ter wereld hun meerdere behoeven te erkennen. In deze \u00e9ne, ontbrekende voorwaarde willen wij pogen te voorzien: de volledige vrijheid, in opzet \u00e8n uitvoering, zowel van alle commerci\u00eble als andere knellende banden.<br>&nbsp;&nbsp;&nbsp;&nbsp; Het maken dus van boeken en drukwerken enkel om de ongerepte en dus ook onbaatzuchtige liefde voor typografie en kunst, in alle denkbare vormen waarin deze kunnen samengaan.<br>&nbsp;&nbsp;&nbsp;&nbsp; Om dit doel, onbenepen maar zonder redelijke grenzen te overschrijden, te bereiken werd het maximum aantal leden bepaald op 175 en de jaarlijkse bijdrage op maximum honderd gulden.&nbsp;&nbsp;<br>&nbsp;&nbsp;&nbsp;&nbsp; Over dit bedrag wordt noch in eens, noch in termijnen beschikt, maar telkens zal een nota van het afzonderlijke voor iedere publicatie verschuldigde bedrag bij iedere zending toegezonden worden.<br>&nbsp;&nbsp;&nbsp;&nbsp; De naam en het uitgeversmerk, waaronder de uitgaven zullen verschijnen, is \u2018De Roos\u2019 die mede gekozen werd als een openlijk eerbetoon aan de veelzijdige verdienste en de persoon van de nestor der hedendaagse, Nederlandse boekkunst, de onvolprezen kunstenaar S.H. de Roos.\u201d<\/p>\n<p>Als wij zeggen dat de Stichting is uitgegroeid tot wat de oprichters zich in principe hadden voorgesteld, betekent dit niet dat wij zonder meer tevreden zijn over de bereikte resultaten. Gelukkig niet. Ook de leden zijn niet tevreden. Hoe zou dit ook mogelijk zijn in een gezelschap dat bestaat uit \u2018bibliophielen\u2019? De tekst, die de een apprecieert, wordt door de ander verguisd. Een klassieke vormgeving waarbij de \u2018gulden passer\u2019 uitgangspunt is geweest, wordt genadeloos verworpen door hen, die de experimentele typografie voorstaan. En omgekeerd. In de hierna volgende bibliografie zullen wij daar in enkele gevallen nog uitvoeriger op ingaan.&nbsp;<br>&nbsp;&nbsp;&nbsp;&nbsp; In 1952 werd de toen-volledige collectie van de uitgaven van \u2018De Roos\u2019 voor het eerst ge\u00ebxposeerd in Haarlem op de tentoonstelling: \u2018Van Olm tot de Roos\u2019. Een uitvoerige bespreking werd aan die tentoonstelling gewijd door Geurt Brinkgreve in Elsevier\u2019s Weekblad. Over de uitgaven van \u2018De Roos\u2019 zegt hij het volgende:<br>\u201cHet zijn onwaarschijnlijk mooie boeken, gezet in fraaie letters, gedrukt op uitgezocht papier, ge\u00efllustreerd met oorspronkelijke gravures of etsen, en typografisch verzorgd door meesterdrukkers als J. van Krimpen, Charles Nypels, S.H. de Roos en anderen.<br>&nbsp;&nbsp;&nbsp;&nbsp; Zij doen zeker niet onder voor de oude Elsevier-drukken beneden, maar zij zijn wel anders. Wat eens de vanzelfsprekende uitkomst was van goed vakmanschap en zuiver, zorgvuldig gedaan handwerk, dat is nu weloverwogen schepping van een erudiet en verfijnd artiest die voor al het uitvoerende werk vaklieden of machines ter beschikking heeft. De charme der kleine onregelmatigheden in letter, zetsel of papier is verdwenen, in het moderne boek is iedere nuance uitdrukkelijk bedoeld.<br>&nbsp;&nbsp;&nbsp;&nbsp; De onbekommerdheid waarmee de oude drukkers kapitalen, minuskels en cursieven in diverse maten op \u00e9\u00e9n blad zetten, heeft plaats gemaakt voor een elegante soberheid, die dan echter, wat vroeger niet het geval was, gekozen is uit een onuitputtelijke hoeveelheid beschikbare lettertypen.<br>&nbsp;&nbsp;&nbsp;&nbsp; Hierbij bepaalt de tekst mede de vorm \u2013 men vergelijke de wijze waarop Rozendaal in Kafka\u2019s \u2018Verwandlung\u2019 de morbide sfeer van het boek wist te suggereren door de illustraties en de typografie tezamen, met de klassieke helderheid van De Roos\u2019 titelpagina voor Descartes\u2019 \u2018Discours de la m\u00e9thode\u2019, waarbij de knappe prent van Kuno Brinks geheel aansluit. Zeldzaam fraai zijn de ook de kopergravures van Jean-Paul Vroom bij Wilde\u2019s \u2018Salome\u2019 en bij de \u2018Contes Cruels\u2019 van Villiers de l\u2019Isle-Adam. Zo dwaalt de bezoeker van het ene naar het andere en voelt het heimelijke verlangen opkomen om \u00e9\u00e9n van de 175 gelukkigen te mogen zijn in wier boekenkast deze delen staan.\u201d<br>&nbsp;&nbsp;&nbsp;&nbsp; Wij zijn de eersten, die deze lof met de nodige reserve aanvaarden. Maar het feit, dat onze uitgaven het op deze tentoonstelling blijkbaar \u2018uithielden\u2019 naast de fraaiste drukken uit het verleden, heeft ons gestimuleerd verder te werken. De meeste onzer uitgaven behoorden in vroeger jaren steeds tot de \u2018Best verzorgde 50 boeken van het Jaar\u2019. Omdat&nbsp; de laatste jaren twee bestuursleden van de Stichting lid waren van de jury dezer instelling werd niet meer ingezonden.<br>&nbsp;&nbsp;&nbsp;&nbsp; Natuurlijk heeft de \u2018ongunst der tijden\u2019 zo nu en dan invloed gehad op het ledenaantal. Er zijn wel eens enkele open plaatsen geweest, maar gelukkig kunnen wij constateren dat het aantal leden zo constant bleef, dat onze plannen tot nu toe gerealiseerd konden worden.<br>&nbsp;&nbsp;&nbsp;&nbsp; Op 3 januari 1952 overleed onze mede-oprichter Charles Nypels. Hoewel hij reeds geruime tijd geen deel meer had aan de werkzaamheden, beschouwen wij zijn heengaan als een groot verlies, niet alleen voor de Stichting, maar ook voor de \u2018wereld van het boek\u2019 in het algemeen. Zijn werk zal nog lang getuigen van de bijzondere persoonlijkheid die ons ontviel en die wij uit waardering en vriendschap in deze regels eerbiedig herdenken.<br>&nbsp;&nbsp;&nbsp;&nbsp; De open plaats in het bestuur van de Stichting is thans ingenomen door Ir. C.J. Asselbergs.<br>&nbsp;&nbsp;&nbsp;&nbsp; Wat de toekomst betreft: wij hopen op de ingeslagen weg voort te gaan. Wij zullen de klassieke vormgeving niet verwaarlozen, maar ook open blijven staan voor het verantwoorde experiment, de risico incalculerend dat later zal blijken dat w\u00edj ons vergisten \u2013 of z\u00edj, die thans afwijzend staan ten opzichte van vernieuwing op typografisch gebied.<\/p>\n<p>Dat deze catalogus in 1956 verschijnt, vindt zijn oorzaak in het feit, dat de eerste boeken verschenen in 1946. Het gaf ons bovendien de gelegenheid de volledige productie tot en met 1955 op te nemen.<br>&nbsp;&nbsp;&nbsp;&nbsp; Aldert Witte gaf toestemming zijn \u2018In memoriam Charles Nypels\u2019 geschreven voor het \u2018Nieuwsblad voor de Boekhandel\u2019 van 10 Januari \u201952 met een enkele wijziging in deze catalogus te herdrukken.<br>&nbsp;&nbsp;&nbsp;&nbsp; De kleur in de gereproduceerde pagina\u2019s gebruikt is in vele gevallen afwijkend van het origineel. Men raadplege daarvoor de titelbeschrijving.<\/p>\n<p>Januari 1956. Het Bestuur.<\/p>\n<p>In:&nbsp;<em>Tien jaar \u2018De Roos\u2019 MCMXLV-MCMLV<\/em><\/p>\n","protected":false},"excerpt":{"rendered":"<p>In Juni 1945, direct dus na afloop van de oorlog, verscheen een circulaire, ondertekend&nbsp; door Chr. Leeflang, Charles Nypels en G.M. van Wees, waarin de oprichting werd bekend gemaakt van een Stichting tot het uitgeven van z.g. \u2018bibliophiele\u2019 boeken in beperkte oplage, onder de naam \u2018De Roos\u2019 en gevestigd te Utrecht.&nbsp;&nbsp;&nbsp;&nbsp; Hoewel het moeilijk was [&hellip;]<\/p>\n","protected":false},"author":1,"featured_media":0,"parent":0,"menu_order":0,"comment_status":"closed","ping_status":"closed","template":"","meta":{"ngg_post_thumbnail":0,"footnotes":""},"class_list":["post-3085","page","type-page","status-publish","hentry"],"yoast_head":"<!-- This site is optimized with the Yoast SEO plugin v27.5 - https:\/\/yoast.com\/product\/yoast-seo-wordpress\/ -->\n<title>Tien jaar \u2018De Roos\u2019 - Stichting De Roos<\/title>\n<meta name=\"robots\" content=\"index, follow, max-snippet:-1, max-image-preview:large, max-video-preview:-1\" \/>\n<link rel=\"canonical\" href=\"https:\/\/www.stichtingderoos.nl\/roos151\/tien-jaar-de-roos\/\" \/>\n<meta property=\"og:locale\" content=\"nl_NL\" \/>\n<meta property=\"og:type\" content=\"article\" \/>\n<meta property=\"og:title\" content=\"Tien jaar \u2018De Roos\u2019 - Stichting De Roos\" \/>\n<meta property=\"og:description\" content=\"In Juni 1945, direct dus na afloop van de oorlog, verscheen een circulaire, ondertekend&nbsp; door Chr. Leeflang, Charles Nypels en G.M. van Wees, waarin de oprichting werd bekend gemaakt van een Stichting tot het uitgeven van z.g. \u2018bibliophiele\u2019 boeken in beperkte oplage, onder de naam \u2018De Roos\u2019 en gevestigd te Utrecht.&nbsp;&nbsp;&nbsp;&nbsp; Hoewel het moeilijk was [&hellip;]\" \/>\n<meta property=\"og:url\" content=\"https:\/\/www.stichtingderoos.nl\/roos151\/tien-jaar-de-roos\/\" \/>\n<meta property=\"og:site_name\" content=\"Stichting De Roos\" \/>\n<meta property=\"article:modified_time\" content=\"2019-07-12T21:37:21+00:00\" \/>\n<meta name=\"twitter:card\" content=\"summary_large_image\" \/>\n<meta name=\"twitter:label1\" content=\"Geschatte leestijd\" \/>\n\t<meta name=\"twitter:data1\" content=\"6 minuten\" \/>\n<script type=\"application\/ld+json\" class=\"yoast-schema-graph\">{\"@context\":\"https:\\\/\\\/schema.org\",\"@graph\":[{\"@type\":\"WebPage\",\"@id\":\"https:\\\/\\\/www.stichtingderoos.nl\\\/roos151\\\/tien-jaar-de-roos\\\/\",\"url\":\"https:\\\/\\\/www.stichtingderoos.nl\\\/roos151\\\/tien-jaar-de-roos\\\/\",\"name\":\"Tien jaar \u2018De Roos\u2019 - Stichting De Roos\",\"isPartOf\":{\"@id\":\"https:\\\/\\\/www.stichtingderoos.nl\\\/roos151\\\/#website\"},\"datePublished\":\"2019-07-12T20:55:45+00:00\",\"dateModified\":\"2019-07-12T21:37:21+00:00\",\"breadcrumb\":{\"@id\":\"https:\\\/\\\/www.stichtingderoos.nl\\\/roos151\\\/tien-jaar-de-roos\\\/#breadcrumb\"},\"inLanguage\":\"nl-NL\",\"potentialAction\":[{\"@type\":\"ReadAction\",\"target\":[\"https:\\\/\\\/www.stichtingderoos.nl\\\/roos151\\\/tien-jaar-de-roos\\\/\"]}]},{\"@type\":\"BreadcrumbList\",\"@id\":\"https:\\\/\\\/www.stichtingderoos.nl\\\/roos151\\\/tien-jaar-de-roos\\\/#breadcrumb\",\"itemListElement\":[{\"@type\":\"ListItem\",\"position\":1,\"name\":\"Home\",\"item\":\"https:\\\/\\\/www.stichtingderoos.nl\\\/roos151\\\/\"},{\"@type\":\"ListItem\",\"position\":2,\"name\":\"Tien jaar \u2018De Roos\u2019\"}]},{\"@type\":\"WebSite\",\"@id\":\"https:\\\/\\\/www.stichtingderoos.nl\\\/roos151\\\/#website\",\"url\":\"https:\\\/\\\/www.stichtingderoos.nl\\\/roos151\\\/\",\"name\":\"Stichting De Roos\",\"description\":\"Literaire uitgaven voor bibliofielen\",\"potentialAction\":[{\"@type\":\"SearchAction\",\"target\":{\"@type\":\"EntryPoint\",\"urlTemplate\":\"https:\\\/\\\/www.stichtingderoos.nl\\\/roos151\\\/?s={search_term_string}\"},\"query-input\":{\"@type\":\"PropertyValueSpecification\",\"valueRequired\":true,\"valueName\":\"search_term_string\"}}],\"inLanguage\":\"nl-NL\"}]}<\/script>\n<!-- \/ Yoast SEO plugin. -->","yoast_head_json":{"title":"Tien jaar \u2018De Roos\u2019 - Stichting De Roos","robots":{"index":"index","follow":"follow","max-snippet":"max-snippet:-1","max-image-preview":"max-image-preview:large","max-video-preview":"max-video-preview:-1"},"canonical":"https:\/\/www.stichtingderoos.nl\/roos151\/tien-jaar-de-roos\/","og_locale":"nl_NL","og_type":"article","og_title":"Tien jaar \u2018De Roos\u2019 - Stichting De Roos","og_description":"In Juni 1945, direct dus na afloop van de oorlog, verscheen een circulaire, ondertekend&nbsp; door Chr. Leeflang, Charles Nypels en G.M. van Wees, waarin de oprichting werd bekend gemaakt van een Stichting tot het uitgeven van z.g. \u2018bibliophiele\u2019 boeken in beperkte oplage, onder de naam \u2018De Roos\u2019 en gevestigd te Utrecht.&nbsp;&nbsp;&nbsp;&nbsp; Hoewel het moeilijk was [&hellip;]","og_url":"https:\/\/www.stichtingderoos.nl\/roos151\/tien-jaar-de-roos\/","og_site_name":"Stichting De Roos","article_modified_time":"2019-07-12T21:37:21+00:00","twitter_card":"summary_large_image","twitter_misc":{"Geschatte leestijd":"6 minuten"},"schema":{"@context":"https:\/\/schema.org","@graph":[{"@type":"WebPage","@id":"https:\/\/www.stichtingderoos.nl\/roos151\/tien-jaar-de-roos\/","url":"https:\/\/www.stichtingderoos.nl\/roos151\/tien-jaar-de-roos\/","name":"Tien jaar \u2018De Roos\u2019 - Stichting De Roos","isPartOf":{"@id":"https:\/\/www.stichtingderoos.nl\/roos151\/#website"},"datePublished":"2019-07-12T20:55:45+00:00","dateModified":"2019-07-12T21:37:21+00:00","breadcrumb":{"@id":"https:\/\/www.stichtingderoos.nl\/roos151\/tien-jaar-de-roos\/#breadcrumb"},"inLanguage":"nl-NL","potentialAction":[{"@type":"ReadAction","target":["https:\/\/www.stichtingderoos.nl\/roos151\/tien-jaar-de-roos\/"]}]},{"@type":"BreadcrumbList","@id":"https:\/\/www.stichtingderoos.nl\/roos151\/tien-jaar-de-roos\/#breadcrumb","itemListElement":[{"@type":"ListItem","position":1,"name":"Home","item":"https:\/\/www.stichtingderoos.nl\/roos151\/"},{"@type":"ListItem","position":2,"name":"Tien jaar \u2018De Roos\u2019"}]},{"@type":"WebSite","@id":"https:\/\/www.stichtingderoos.nl\/roos151\/#website","url":"https:\/\/www.stichtingderoos.nl\/roos151\/","name":"Stichting De Roos","description":"Literaire uitgaven voor bibliofielen","potentialAction":[{"@type":"SearchAction","target":{"@type":"EntryPoint","urlTemplate":"https:\/\/www.stichtingderoos.nl\/roos151\/?s={search_term_string}"},"query-input":{"@type":"PropertyValueSpecification","valueRequired":true,"valueName":"search_term_string"}}],"inLanguage":"nl-NL"}]}},"_links":{"self":[{"href":"https:\/\/www.stichtingderoos.nl\/roos151\/wp-json\/wp\/v2\/pages\/3085","targetHints":{"allow":["GET"]}}],"collection":[{"href":"https:\/\/www.stichtingderoos.nl\/roos151\/wp-json\/wp\/v2\/pages"}],"about":[{"href":"https:\/\/www.stichtingderoos.nl\/roos151\/wp-json\/wp\/v2\/types\/page"}],"author":[{"embeddable":true,"href":"https:\/\/www.stichtingderoos.nl\/roos151\/wp-json\/wp\/v2\/users\/1"}],"replies":[{"embeddable":true,"href":"https:\/\/www.stichtingderoos.nl\/roos151\/wp-json\/wp\/v2\/comments?post=3085"}],"version-history":[{"count":2,"href":"https:\/\/www.stichtingderoos.nl\/roos151\/wp-json\/wp\/v2\/pages\/3085\/revisions"}],"predecessor-version":[{"id":3137,"href":"https:\/\/www.stichtingderoos.nl\/roos151\/wp-json\/wp\/v2\/pages\/3085\/revisions\/3137"}],"wp:attachment":[{"href":"https:\/\/www.stichtingderoos.nl\/roos151\/wp-json\/wp\/v2\/media?parent=3085"}],"curies":[{"name":"wp","href":"https:\/\/api.w.org\/{rel}","templated":true}]}}