{"id":3051,"date":"2019-07-12T19:59:07","date_gmt":"2019-07-12T19:59:07","guid":{"rendered":"https:\/\/www.stichtingderoos.nl\/roos151\/?page_id=3051"},"modified":"2019-07-12T19:59:07","modified_gmt":"2019-07-12T19:59:07","slug":"de-stichting-de-roos-twintig-jaar-jaar-op-de-bres-voor-het-schone-boek","status":"publish","type":"page","link":"https:\/\/www.stichtingderoos.nl\/roos151\/de-stichting-de-roos-twintig-jaar-jaar-op-de-bres-voor-het-schone-boek\/","title":{"rendered":"De Stichting \u2018De Roos\u2019 Twintig jaar jaar op de bres voor het schone boek"},"content":{"rendered":"\n<p class=\"geschiedenistext\"><em>Dick Dooijes<\/em><\/p>\n<p>\u2018In ons land, waar terecht de hoogste eisen gesteld mogen worden aan het voortleven van een glorierijke traditie, zijn alle gewenste omstandigheden, op \u00e9\u00e9n na, aanwezig om boeken en bladen te vervaardigen, die nergens anders ter wereld hun meerdere behoeven te erkennen. In deze \u00e9ne, ontbrekende voorwaarde willen wij pogen te voorzien: de volledige vrijheid, in opzet \u00e9n uitvoering, zowel van alle commerci\u00eble als andere knellende banden. Het maken dus van boeken en drukwerken enkel om de ongerepte en dus ook onbaatzuchtige liefde voor de typografie en kunst, in alle denkbare vormen waarin deze kunnen samengaan\u2019.&nbsp;<br>&nbsp;&nbsp;&nbsp;&nbsp; Met deze woorden richtten zich in juni 1945 drie mannen vanuit Utrecht tot al diegenen in ons land, die belangstelling en liefde hadden voor goede typografie en mooi uitgevoerde boeken, en die bereid en in staat waren om mee te doen aan hun plan.&nbsp; Dat plan behelsde het in leven roepen van een stichting tot het uitgeven van op bijzondere wijze verzorgde en eventueel ook bijzonder goed ge\u00efllustreerde boeken in beperkte oplage. De drie mannen Chr. Leeflang, boekhandelaar in Utrecht, Charles Nypels, vooraanstaand Nederlands boekverzorger en de verzamelaar G.M. van Wees. Zij vonden gretig gehoor \u2013 in het toen juist bevrijde Nederland vond ieder nieuw initiatief een warm onthaal en er was bovendien blijkbaar een ware honger naar mooie boeken \u2013 en de 175 plaatsen die de nieuwe Stichting bood waren spoedig bezet, er waren zelfs teveel aanmeldingen zodat al aanstonds begonnen moest worden met het aanleggen van een wachtlijst.<br>&nbsp;&nbsp;&nbsp;&nbsp; Als naam en als uitgeversmerk werd \u2018De Roos\u2019 gekozen, \u2018mede\u2026 als een openlijk eerbetoon aan de veelzijdige verdienste en de persoon van de nestor der hedendaagse, Nederlandse boekkunst, de onvolprezen kunstenaar S.H. de Roos\u2019.&nbsp; Een goede keuze en een passend eerbetoon: Sjoerd de Roos (1877-1962), begaafd lithograaf en veelbelovend kunstschilder, heeft zich als jongeman, in het begin van onze eeuw, toen nog vrijwel niemand zich om het peil van de Nederlandse typografie bekommerde, daarvoor ingezet. Met door hem verzorgde boeken en ander drukwerk, met artikelen en lezingen en vooral ook met zijn drukletterontwerpen heeft hij in belangrijke mate bijgedragen tot het herstel van de glorierijke traditie, waarvan in de hierboven geciteerde oproep sprake was.&nbsp;<br>&nbsp;&nbsp;&nbsp;&nbsp; Veel initiatieven uit de eerste maanden van de bevrijding zijn, toen het vuur van het eerste enthousiasme was verflauwd, in de aanloop blijven steken, veel grote plannen liepen op niets uit, maar de Stichting \u2018De Roos\u2019 bleek levensvatbaar. In 1946 verscheen de eerste uitgave en nu, twintig jaar na de oprichting, verschijnen nog steeds nieuwe delen in de langzamerhand zeer omvangrijk geworden collectie \u2018De Roos\u2019 drukken. Die eerste uitgave was een bescheiden boekje, merkwaardig genoeg in het Duits \u2013 de sonnettencyclus&nbsp;<em>Venedig<\/em>&nbsp;van August von Platen&nbsp; &#8211; maar het was tevens een juweeltje van boekkunst, waaraan de ontwerper Henri Friedlaender, nu reeds geruime tijd directeur van de Hadassah School of Printing in Jeruzalem, zijn niet geringe krachten had gewijd.<br>&nbsp;&nbsp;&nbsp;&nbsp; Met nog \u00e9\u00e9n boekje,&nbsp;<em>De Mantel<\/em>&nbsp;van Nicolai Gogolj, was de eerste jaargang compleet. Een kalme aanloop dus, maar waarin reeds aanstonds enkele ook in het vervolg steeds gehandhaafde beginselen werden nageleefd: de teksten werden met zorg gekozen uit de beste voortbrengselen der wereldlitteratuur, de vormgeving werd toevertrouwd aan voortreffelijke ontwerpers, een jong illustrator werd een kans geboden \u2013 in dit geval Peter Spier, die&nbsp; het verhaal van Gogolj met fijne vignetjes verlevendigde. Verder werd alle aandacht gegeven aan de drukkwaliteit en werden de mooiste der beschikbare papiersoorten gebruikt.<br>&nbsp;&nbsp;&nbsp;&nbsp; In 1947 zagen vier uitgaven het licht, waarbij de eerste aflevering&nbsp;<em>De Harp<\/em>, een tijdschrift voor litteratuur en techniek met bijdragen van A. Roland Holst, Jan Engelman en M. Nijhoff en met een houtgravure van Dirk van Gelder. Het uitgeven van een tijdschrift, dat naar inhoud en vorm zou voldoen aan de normen die \u2018De Roos\u2019 zich gesteld had, bleek echter een te zware opgaaf. Wel verscheen er in 1948 nog een tweede aflevering met Engelmans tekst voor de opera&nbsp;<em>Philomela<\/em>&nbsp;van Hendrik Andriessen, maar daar bleef het bij. Beide afleveringen kunnen echter gelden als voorbeelden van goede boekverzorging, dank zij het feit dat ze tot stand kwamen onder de typografische leiding van wijlen Jan van Krimpen, evenknie van Sjoerd de Roos als ontwerper van drukletters en als meester-typograaf. In hetzelfde jaar 1947 verzorgde hij voor de Stichting een uitgave van&nbsp;<em>The Books of Psalms<\/em>, terecht door de uitgeefster beschouwd als een van de mooiste voorbeelden van \u2019typografie pure\u2019 uit de gehele reeks. Hoewel veel bijzonder geslaagde boeken, ook in het vlak der zuivere, traditionele typografie, tot stand kwamen sedertdien, behield deze kwalificatie tot nu toe ten volle haar geldigheid.<br>&nbsp;&nbsp;&nbsp;&nbsp; Uiteraard werd ook een beroep gedaan op de medewerking van de peetvader der Stichting, het belangrijkste resultaat daarvan was wel de verschijning in 1950 van Gorters&nbsp;<em>Mei<\/em>, waarvoor Sjoerd de Roos de monumentale vorm vond, die dit monument van onze litteratuur verdient. Een vorm die volkomen aansluit bij het rustige ritme en de volle klank van Gorters verzen. De tekst werd gezet uit de eerste, in 1912 door De Roos ontworpen drukletter, tevens de eerste die, na meer dan een eeuw van onvruchtbaarheid op dit terrein in Nederland, tot stand kwam. Het is opvallend hoe goed deze letter past bij de sfeer van dit gedicht, eersteling van de moderne Nederlandse po\u00ebzie. In tegenstelling tot Van Krimpen, die bij voorkeur ieder illustratief element weerde uit door hem te verzorgen boeken, aanvaardde De Roos de boekillustratie als een goede mogelijkheid tot versterking van het contact tussen tekst en lezer en tot verrijking van de vorm. Deze opvatting leidde er toe dat&nbsp;<em>Mei&nbsp;<\/em>ge\u00efllustreerd werd met fraai bij de tekstpagina\u2019s aansluitende houtgravures van Dirk van Gelder.<br>&nbsp;&nbsp;&nbsp;&nbsp; Houtgravures en houtsneden, kopergravures, etsen en litho\u2019s van merendeels Nederlandse grafici vormen voornamelijk het illustratieve element in de \u2018De Roos\u2019-uitgaven, maar evenzeer als voor zetten en drukken van moderne technieken gebruik werd gemaakt werd ook de moderne reproduktie-techniek herhaaldelijk en met goed resultaat te hulp geroepen. Zo verscheen in 1949 een uitgave van Alfred Jarry,&nbsp;<em>Ubu Roi<\/em>, met kostelijke, spitse pentekeningen van W.J. Rozendaal. Dezelfde tekst werd, in vertaling, in 1964 opnieuw uitgegeven, ditmaal met tekeningen van Jan Kuiper, eveneens in lijnclich\u00e9 gereproduceerd. Het is interessant de verschillende wijzen van benadering van dezelfde tekst door twee kunstenaars van verschillende generaties te vergelijken, temeer omdat zij beiden ook de typografische verzorging geheel voor hun rekening namen.<br>Dit is trouwens een van de belangrijkste aspecten van het werk van de Stichting \u2018De Roos\u2019: wie de jaargangen van haar uitgaven bestudeert krijgt een goed overzicht van de verschillende opvattingen die in de wereld der Nederlandse boekverzorgers leven. Een boeiend en veelzijdig beeld krijgt hij, omdat al deze boeken tot stand konden komen zonder belemmerende invloeden. De 0ntwerper, de illustrator werd steeds uitsluitend geconfronteerd met de problemen, die voor hem uit de tekst naar voren kwamen, commerci\u00eble motieven waren nooit aan de orde, gejaagd \u2013 zo dikwijls de oorzaak van mislukkingen \u2013 werd er nooit. Door de Stichting werd hen [sic] de gelegenheid geboden tot experimenteren, tot laboratoriumonderzoek als het ware.<br>&nbsp;&nbsp;&nbsp;&nbsp; In discussies over het voor en tegen van bibliofiele uitgaven, waarbij de tegenstanders het snobisme hekelden dat eraan ten grondslag zou liggen (een niet geheel ongegronde critiek in sommige gevallen), werd door anderen op deze zeer positieve betekenis \u2013 de laboratoriumfunktie \u2013 van een instelling als de Stichting \u2018De Roos\u2019 gewezen. Door haar optreden werd het totstandkomen van vele boeken mogelijk gemaakt, die anders beslist nooit in die vorm van de pers zouden zijn gekomen en die, hoewel ze door hun kleine oplage slechts in beperkte kring bekend konden worden, toch van onmiskenbare betekenis zijn voor het peil van de Nederlandse boekkunst. Allereerst doordat de makers ervan, zowel de ontwerpers als de zetters en de drukkers, bij de bijzondere zorg die ze aan dit werk konden besteden, belangrijke ervaringen op konden doen voor de arbeid aan massa-oplagen en zij bovendien bepaalde normen leerden te stellen en te hanteren, die boven de dagelijkse praktijk uitgaan. Meer bekendheid werd en wordt er ook steeds aan gegeven doordat er wel ieder jaar enkele \u2018De Roos\u2019-uitgaven behoren tot de bestverzorgde vijftig boeken \u2013 als dat niet zo was zou enige bezinning over de vraag of men wel op de goede weg was niet ondienstig zijn \u2013 en tussen en met de andere bekroonde werken in brede kring getoond en besproken worden. De stimulerende werking die ervan uitgaat wordt daardoor stellig bevorderd.&nbsp;<br>&nbsp;&nbsp;&nbsp;&nbsp; De volgende opsomming \u2013 een vrij willekeurige greep uit de reeks \u2013 kan een indruk geven van de veelzijdigheid, zowel naar de inhoud als naar de keuze der medewerkers:<br>&#8211; &nbsp;&nbsp; Descartes,&nbsp;<em>Discours de la M\u00e9thode<\/em>. 1948. Portret in kopergravure door Kuno Brinks, vormgeving S. de Roos.<br>&#8211; &nbsp;&nbsp;&nbsp;<em>Elckerlijc<\/em>. 1951. Ge\u00efllustreerd met houtgravures door Stefan Mrozewski, vormgeving Suzanne Heynemann.<br>&#8211; &nbsp;&nbsp;&nbsp;<em>Lazarillo de Tormes<\/em>. 1953. Houtsnee-illustraties en typografische vormgeving van Jan Bons.<br>&#8211; &nbsp;&nbsp;&nbsp;<em>Baron Munchhausen\u2019s Narrative<\/em>. 1954. Illustraties en typografie van W.J. Rozendaal.<br>&#8211; &nbsp;&nbsp; Bertrand,&nbsp;&nbsp;<em>Gaspard de la Nuit<\/em>. 1956. Ge\u00efllustreerd met litho\u2019s door M.T. Koornstra, vormgeving Mart Kempers. De uitgave van dit grote boek in twee delen vormt een van de hoogtepunten in de geschiedenis van de Stichting. De jury van de bestverzorgde vijftig boeken van het jaar 1956 schreef erover in haar verslag: \u2018Het resultaat rechtvaardigt volkomen de vele moeite en kosten, die eraan besteed werden. De litho\u2019s hebben een eigen karakter, de tekst is voortreffelijk geplaatst en zowel de lithografische als de typografische druk zijn uitstekend. Inleiding, titelpagina, band en foudraal beantwoorden alle aan de hoge eisen, die aan een dergelijke bibliofiele editie gesteld moeten worden. Dit is een der mooiste boeken van de Stichting \u2018De Roos\u2019 geworden, die hiermede heeft aangetoond haar taak te verstaan: het bijzondere verrichten, dat in normale boekenproduktie onmogelijk is\u2019.<br>&nbsp;&nbsp;&nbsp; De opsomming kan worden vervolgd met:<br>&#8211; &nbsp;&nbsp; Escher,&nbsp;<em>Regelmatige vlakverdeling<\/em>. 1958. Houtsneden en tekeningen van de auteur, boekverzorging Aldert Witte.<br>&#8211; &nbsp;&nbsp; Kloos,&nbsp;<em>Gedichten<\/em>. 1959. Verzorging van de tekst door Garmt Stuiveling, vormgeving in \u2018typographie pure\u2019 door Suzanne Heynemann.<br>&#8211; &nbsp;&nbsp; De Balzac,&nbsp;<em>Le chef-d\u2019oeuvre inconnu<\/em>. 1962. Ge\u00efllustreerd met etsen van Roger Chailloux, typografische vormgeving Jean-Paul Vroom.<br>&#8211; &nbsp;&nbsp; B\u00f6ll,&nbsp;<em>F\u00fcnf Erz\u00e4hlungen<\/em>. 1964. Lithografische illustraties en typografische&nbsp; verzorging van Kurt L\u00f6b.<br>&#8211; &nbsp;&nbsp; Bordewijk,&nbsp;<em>Huissens \u2013 een climacterium<\/em>. 1965. Ge\u00efllustreerd met tekeningen van Mart Kempers, typografische vormgeving Peter Doebele.<br>&nbsp;&nbsp;&nbsp;&nbsp; Dit zijn slechts tien van een zeventigtal uitgaven, die gedurende haar twintigjarig bestaan voor de stichting \u2018De Roos\u2019 werden gedrukt, men zou ze in handen moeten kunnen nemen om ze in hun verscheidenheid te leren kennen en waarderen. De vele verschillende namen van de kunstenaars \u2013 illustrators en typografen \u2013 die aan dit tiental medewerkten brengen die verscheidenheid ook in hun opsomming tot uitdrukking. Een aantal van de meest vooraanstaande Nederlandse drukkerijen \u2013 vooraanstaand vooral in kwaliteit, want het waren niet steeds de grootste, een enkele maal zelfs heel kleine bedrijven \u2013 zorgden voor het zetten en drukken van de boeken. Zonder overdrijving kan gesteld worden dat een groot deel van grafisch Nederland bij het tot stand komen van de complete reeks in de loop van deze twintig jaar betrokken is geweest.<br>&nbsp;&nbsp;&nbsp;&nbsp; Voor de keuze van de teksten, de ontwerpers, de illustrators en de technische uitvoerders zorgde het bestuur van de Stichting, dat aanvankelijk uit het drietal oprichters bestond. Na enige jaren trok de heer Van Wees zich terug en na een slepende ziekte overleed op 3 januari 1952 Charles Nypels. Zijn heengaan werd terecht door het bestuur als een groot verlies beschouwd, \u2018niet alleen voor de Stichting, maar ook voor de \u2018wereld van het boek\u2019 in het algemeen\u2019. Deze laatste woorden zijn ontleend aan de catalogus, die in 1956 werd gepubliceerd en waarin alle uitgaven die tot dat jaar verschenen waren uitvoerig zijn beschreven en afgebeeld.<br>&nbsp;&nbsp;&nbsp;&nbsp; In 1961 verscheen een vervolg dat duidelijk maakte dat er, ondanks de verliezen, die het kleine bestuur geleden had, van enige stilstand der activiteiten geen ogenblik sprake was geweest. Ir.C.J. Asselbergs, liefhebber en kenner van prentkunst, nam een van de opengevallen plaatsen in en Chr. Leeflang bleef. Het is vooral aan zijn initiatief en doorzettingsvermogen te danken dat de Stichting in stand bleef en zoveel moois tot stand bracht. De Engelse auteur Harold Williams schrijft in een studie over&nbsp;<em>Book Clubs<\/em>: \u2018De vereniging (van bibliofielen) die erin slaagt tien of twaalf jaren te blijven bestaan zal waarschijnlijk ook de dertig of veertig jaar halen en dan oud en der dagen zat worden\u2026In verscheidene van deze clubs was de persoonlijke activiteit van \u00e9\u00e9n der leden de basis waar alles op rustte\u2019.<br>&nbsp;&nbsp;&nbsp;&nbsp; Uit dit citaat kan worden afgeleid dat een tien- of twaalfjarig bestaan al als een bijzonderheid beschouwd kan worden \u00e9n dat \u2018De Roos\u2019 nu de middelbare leeftijd bereikt moet hebben. Oud en der dagen zat is ze in ieder geval nog niet, wel springlevend en er zijn tal van toekomstplannen. Daaronder ook het streven om meer dan tot dusver ook uitgaven van meer extreem gerichte, experimentele aard te doen verschijnen. Al was er nooit sprake van eenzijdigheid en al kwamen er wel eens protesten uit de kring der leden over al te gedurfd moderne typografische resultaten, bepaalde facetten van niet-traditionele boekverzorging kwamen tot dusver nog niet aan bod hoewel ze in ons land sterk vertegenwoordigd zijn, zodat wat Nederland op dit terrein verricht internationaal de aandacht trekt.<br>&nbsp;&nbsp;&nbsp;&nbsp; Als zulke tekenen van jeugdige durf niet bedriegen dan zit het halen van de dertig of veertig jaar er stellig wel in voor de Stichting \u2018De Roos\u2019. Met de heer Leeflang als basis, als motor en met, rondom hem, een aantal toegewijde leden van het eerste uur, met een aantal kunstenaars en drukkers die van harte medewerken en met een volle lijst van intekenaars zal het zeker wel gaan.<\/p>\n<p>In:<em>&nbsp;Kunst in Utrecht,&nbsp; 11 september 1965<\/em><\/p>\n","protected":false},"excerpt":{"rendered":"<p>Dick Dooijes \u2018In ons land, waar terecht de hoogste eisen gesteld mogen worden aan het voortleven van een glorierijke traditie, zijn alle gewenste omstandigheden, op \u00e9\u00e9n na, aanwezig om boeken en bladen te vervaardigen, die nergens anders ter wereld hun meerdere behoeven te erkennen. In deze \u00e9ne, ontbrekende voorwaarde willen wij pogen te voorzien: de [&hellip;]<\/p>\n","protected":false},"author":1,"featured_media":0,"parent":0,"menu_order":0,"comment_status":"closed","ping_status":"closed","template":"","meta":{"ngg_post_thumbnail":0,"footnotes":""},"class_list":["post-3051","page","type-page","status-publish","hentry"],"yoast_head":"<!-- This site is optimized with the Yoast SEO plugin v27.5 - https:\/\/yoast.com\/product\/yoast-seo-wordpress\/ -->\n<title>De Stichting \u2018De Roos\u2019 Twintig jaar jaar op de bres voor het schone boek - Stichting De Roos<\/title>\n<meta name=\"robots\" content=\"index, follow, max-snippet:-1, max-image-preview:large, max-video-preview:-1\" \/>\n<link rel=\"canonical\" href=\"https:\/\/www.stichtingderoos.nl\/roos151\/de-stichting-de-roos-twintig-jaar-jaar-op-de-bres-voor-het-schone-boek\/\" \/>\n<meta property=\"og:locale\" content=\"nl_NL\" \/>\n<meta property=\"og:type\" content=\"article\" \/>\n<meta property=\"og:title\" content=\"De Stichting \u2018De Roos\u2019 Twintig jaar jaar op de bres voor het schone boek - Stichting De Roos\" \/>\n<meta property=\"og:description\" content=\"Dick Dooijes \u2018In ons land, waar terecht de hoogste eisen gesteld mogen worden aan het voortleven van een glorierijke traditie, zijn alle gewenste omstandigheden, op \u00e9\u00e9n na, aanwezig om boeken en bladen te vervaardigen, die nergens anders ter wereld hun meerdere behoeven te erkennen. In deze \u00e9ne, ontbrekende voorwaarde willen wij pogen te voorzien: de [&hellip;]\" \/>\n<meta property=\"og:url\" content=\"https:\/\/www.stichtingderoos.nl\/roos151\/de-stichting-de-roos-twintig-jaar-jaar-op-de-bres-voor-het-schone-boek\/\" \/>\n<meta property=\"og:site_name\" content=\"Stichting De Roos\" \/>\n<meta name=\"twitter:card\" content=\"summary_large_image\" \/>\n<meta name=\"twitter:label1\" content=\"Geschatte leestijd\" \/>\n\t<meta name=\"twitter:data1\" content=\"12 minuten\" \/>\n<script type=\"application\/ld+json\" class=\"yoast-schema-graph\">{\"@context\":\"https:\\\/\\\/schema.org\",\"@graph\":[{\"@type\":\"WebPage\",\"@id\":\"https:\\\/\\\/www.stichtingderoos.nl\\\/roos151\\\/de-stichting-de-roos-twintig-jaar-jaar-op-de-bres-voor-het-schone-boek\\\/\",\"url\":\"https:\\\/\\\/www.stichtingderoos.nl\\\/roos151\\\/de-stichting-de-roos-twintig-jaar-jaar-op-de-bres-voor-het-schone-boek\\\/\",\"name\":\"De Stichting \u2018De Roos\u2019 Twintig jaar jaar op de bres voor het schone boek - Stichting De Roos\",\"isPartOf\":{\"@id\":\"https:\\\/\\\/www.stichtingderoos.nl\\\/roos151\\\/#website\"},\"datePublished\":\"2019-07-12T19:59:07+00:00\",\"breadcrumb\":{\"@id\":\"https:\\\/\\\/www.stichtingderoos.nl\\\/roos151\\\/de-stichting-de-roos-twintig-jaar-jaar-op-de-bres-voor-het-schone-boek\\\/#breadcrumb\"},\"inLanguage\":\"nl-NL\",\"potentialAction\":[{\"@type\":\"ReadAction\",\"target\":[\"https:\\\/\\\/www.stichtingderoos.nl\\\/roos151\\\/de-stichting-de-roos-twintig-jaar-jaar-op-de-bres-voor-het-schone-boek\\\/\"]}]},{\"@type\":\"BreadcrumbList\",\"@id\":\"https:\\\/\\\/www.stichtingderoos.nl\\\/roos151\\\/de-stichting-de-roos-twintig-jaar-jaar-op-de-bres-voor-het-schone-boek\\\/#breadcrumb\",\"itemListElement\":[{\"@type\":\"ListItem\",\"position\":1,\"name\":\"Home\",\"item\":\"https:\\\/\\\/www.stichtingderoos.nl\\\/roos151\\\/\"},{\"@type\":\"ListItem\",\"position\":2,\"name\":\"De Stichting \u2018De Roos\u2019 Twintig jaar jaar op de bres voor het schone boek\"}]},{\"@type\":\"WebSite\",\"@id\":\"https:\\\/\\\/www.stichtingderoos.nl\\\/roos151\\\/#website\",\"url\":\"https:\\\/\\\/www.stichtingderoos.nl\\\/roos151\\\/\",\"name\":\"Stichting De Roos\",\"description\":\"Literaire uitgaven voor bibliofielen\",\"potentialAction\":[{\"@type\":\"SearchAction\",\"target\":{\"@type\":\"EntryPoint\",\"urlTemplate\":\"https:\\\/\\\/www.stichtingderoos.nl\\\/roos151\\\/?s={search_term_string}\"},\"query-input\":{\"@type\":\"PropertyValueSpecification\",\"valueRequired\":true,\"valueName\":\"search_term_string\"}}],\"inLanguage\":\"nl-NL\"}]}<\/script>\n<!-- \/ Yoast SEO plugin. -->","yoast_head_json":{"title":"De Stichting \u2018De Roos\u2019 Twintig jaar jaar op de bres voor het schone boek - Stichting De Roos","robots":{"index":"index","follow":"follow","max-snippet":"max-snippet:-1","max-image-preview":"max-image-preview:large","max-video-preview":"max-video-preview:-1"},"canonical":"https:\/\/www.stichtingderoos.nl\/roos151\/de-stichting-de-roos-twintig-jaar-jaar-op-de-bres-voor-het-schone-boek\/","og_locale":"nl_NL","og_type":"article","og_title":"De Stichting \u2018De Roos\u2019 Twintig jaar jaar op de bres voor het schone boek - Stichting De Roos","og_description":"Dick Dooijes \u2018In ons land, waar terecht de hoogste eisen gesteld mogen worden aan het voortleven van een glorierijke traditie, zijn alle gewenste omstandigheden, op \u00e9\u00e9n na, aanwezig om boeken en bladen te vervaardigen, die nergens anders ter wereld hun meerdere behoeven te erkennen. In deze \u00e9ne, ontbrekende voorwaarde willen wij pogen te voorzien: de [&hellip;]","og_url":"https:\/\/www.stichtingderoos.nl\/roos151\/de-stichting-de-roos-twintig-jaar-jaar-op-de-bres-voor-het-schone-boek\/","og_site_name":"Stichting De Roos","twitter_card":"summary_large_image","twitter_misc":{"Geschatte leestijd":"12 minuten"},"schema":{"@context":"https:\/\/schema.org","@graph":[{"@type":"WebPage","@id":"https:\/\/www.stichtingderoos.nl\/roos151\/de-stichting-de-roos-twintig-jaar-jaar-op-de-bres-voor-het-schone-boek\/","url":"https:\/\/www.stichtingderoos.nl\/roos151\/de-stichting-de-roos-twintig-jaar-jaar-op-de-bres-voor-het-schone-boek\/","name":"De Stichting \u2018De Roos\u2019 Twintig jaar jaar op de bres voor het schone boek - Stichting De Roos","isPartOf":{"@id":"https:\/\/www.stichtingderoos.nl\/roos151\/#website"},"datePublished":"2019-07-12T19:59:07+00:00","breadcrumb":{"@id":"https:\/\/www.stichtingderoos.nl\/roos151\/de-stichting-de-roos-twintig-jaar-jaar-op-de-bres-voor-het-schone-boek\/#breadcrumb"},"inLanguage":"nl-NL","potentialAction":[{"@type":"ReadAction","target":["https:\/\/www.stichtingderoos.nl\/roos151\/de-stichting-de-roos-twintig-jaar-jaar-op-de-bres-voor-het-schone-boek\/"]}]},{"@type":"BreadcrumbList","@id":"https:\/\/www.stichtingderoos.nl\/roos151\/de-stichting-de-roos-twintig-jaar-jaar-op-de-bres-voor-het-schone-boek\/#breadcrumb","itemListElement":[{"@type":"ListItem","position":1,"name":"Home","item":"https:\/\/www.stichtingderoos.nl\/roos151\/"},{"@type":"ListItem","position":2,"name":"De Stichting \u2018De Roos\u2019 Twintig jaar jaar op de bres voor het schone boek"}]},{"@type":"WebSite","@id":"https:\/\/www.stichtingderoos.nl\/roos151\/#website","url":"https:\/\/www.stichtingderoos.nl\/roos151\/","name":"Stichting De Roos","description":"Literaire uitgaven voor bibliofielen","potentialAction":[{"@type":"SearchAction","target":{"@type":"EntryPoint","urlTemplate":"https:\/\/www.stichtingderoos.nl\/roos151\/?s={search_term_string}"},"query-input":{"@type":"PropertyValueSpecification","valueRequired":true,"valueName":"search_term_string"}}],"inLanguage":"nl-NL"}]}},"_links":{"self":[{"href":"https:\/\/www.stichtingderoos.nl\/roos151\/wp-json\/wp\/v2\/pages\/3051","targetHints":{"allow":["GET"]}}],"collection":[{"href":"https:\/\/www.stichtingderoos.nl\/roos151\/wp-json\/wp\/v2\/pages"}],"about":[{"href":"https:\/\/www.stichtingderoos.nl\/roos151\/wp-json\/wp\/v2\/types\/page"}],"author":[{"embeddable":true,"href":"https:\/\/www.stichtingderoos.nl\/roos151\/wp-json\/wp\/v2\/users\/1"}],"replies":[{"embeddable":true,"href":"https:\/\/www.stichtingderoos.nl\/roos151\/wp-json\/wp\/v2\/comments?post=3051"}],"version-history":[{"count":1,"href":"https:\/\/www.stichtingderoos.nl\/roos151\/wp-json\/wp\/v2\/pages\/3051\/revisions"}],"predecessor-version":[{"id":3053,"href":"https:\/\/www.stichtingderoos.nl\/roos151\/wp-json\/wp\/v2\/pages\/3051\/revisions\/3053"}],"wp:attachment":[{"href":"https:\/\/www.stichtingderoos.nl\/roos151\/wp-json\/wp\/v2\/media?parent=3051"}],"curies":[{"name":"wp","href":"https:\/\/api.w.org\/{rel}","templated":true}]}}