{"id":2597,"date":"2019-06-26T21:10:58","date_gmt":"2019-06-26T21:10:58","guid":{"rendered":"http:\/\/www.stichtingderoos.nl\/roos151\/?page_id=2597"},"modified":"2019-06-27T20:33:10","modified_gmt":"2019-06-27T20:33:10","slug":"uitgave-148-1996","status":"publish","type":"page","link":"https:\/\/www.stichtingderoos.nl\/roos151\/uitgave-148-1996\/","title":{"rendered":"Uitgave 148 (1996)"},"content":{"rendered":"\n<table>\n<tbody>\n<tr>\n<td style=\"width: 66px;\" valign=\"top\">\n<p><span class=\"boek-gegevens\"><a href=\"http:\/\/www.stichtingderoos.nl\/roos151\/uitgaven\/\">Jaar<\/a><\/span><span class=\"nadruk\"><br><strong>&nbsp;1996<\/strong><\/span> <span class=\"nadruk\"><br><\/span><br><span class=\"boek-gegevens\">&nbsp;Uitgave<\/span><br><span class=\"boek-gegevens\" style=\"color: #ff0000;\"><strong>148<\/strong><br><\/span> <span class=\"nadruk\"><a href=\"http:\/\/www.stichtingderoos.nl\/roos151\/uitgave-149-1996\/\">149<br><\/a><\/span><\/p>\n<\/td>\n<td style=\"width: 137px;\" valign=\"top\">\n<p><strong>Geerten Gossaert<\/strong><br><em>Priapae\u00ebn<\/em><br>32 blz., 21.5&#215;11 cm, papier<br>papier tekst: Melotex mat<br>papier etsen: Hahnem\u00fchle B\u00fctten<br>letter: Sabon Antiqua<br>typografie en band: Alfons van Heusden<br>illustraties: 4 etsen Toussaint Essers<br>drukker tekst: N.V. Drukkerij Hooiberg, Epe<br>drukker etsen: Gerard van Rooy, Utrecht<br>binder: Boekbinderij Van Waarden, Zaandam<\/p>\n<\/td>\n<td style=\"width: 354px;\" valign=\"top\"><img decoding=\"async\" class=\"alignnone size-medium wp-image-963\" src=\"http:\/\/www.stichtingderoos.nl\/roos151\/wp-content\/uploads\/2019\/06\/De-Roos-148.jpg\" alt=\"\" width=\"784\"><\/td>\n<\/tr>\n<\/tbody>\n<\/table>\n<p><a href=\"http:\/\/www.stichtingderoos.nl\/roos151\/uitgave-147-1995\/\">voorgaand jaar<\/a>&nbsp; &nbsp;&#8211;&nbsp; &nbsp; <a href=\"http:\/\/www.stichtingderoos.nl\/roos151\/uitgave-150-1997\/\">volgend jaar<\/a><\/p>\n","protected":false},"excerpt":{"rendered":"<p>Jaar&nbsp;1996 &nbsp;Uitgave148 149 Geerten GossaertPriapae\u00ebn32 blz., 21.5&#215;11 cm, papierpapier tekst: Melotex matpapier etsen: Hahnem\u00fchle B\u00fcttenletter: Sabon Antiquatypografie en band: Alfons van Heusdenillustraties: 4 etsen Toussaint Essersdrukker tekst: N.V. Drukkerij Hooiberg, Epedrukker etsen: Gerard van Rooy, Utrechtbinder: Boekbinderij Van Waarden, Zaandam voorgaand jaar&nbsp; &nbsp;&#8211;&nbsp; &nbsp; volgend jaar<\/p>\n","protected":false},"author":1,"featured_media":0,"parent":0,"menu_order":0,"comment_status":"closed","ping_status":"closed","template":"","meta":{"ngg_post_thumbnail":0,"footnotes":""},"class_list":["post-2597","page","type-page","status-publish","hentry"],"yoast_head":"<!-- This site is optimized with the Yoast SEO plugin v27.5 - https:\/\/yoast.com\/product\/yoast-seo-wordpress\/ -->\n<title>Uitgave 148 (1996) - Stichting De Roos<\/title>\n<meta name=\"robots\" content=\"index, follow, max-snippet:-1, max-image-preview:large, max-video-preview:-1\" \/>\n<link rel=\"canonical\" href=\"https:\/\/www.stichtingderoos.nl\/roos151\/uitgave-148-1996\/\" \/>\n<meta property=\"og:locale\" content=\"nl_NL\" \/>\n<meta property=\"og:type\" content=\"article\" \/>\n<meta property=\"og:title\" content=\"Uitgave 148 (1996) - Stichting De Roos\" \/>\n<meta property=\"og:description\" content=\"Jaar&nbsp;1996 &nbsp;Uitgave148 149 Geerten GossaertPriapae\u00ebn32 blz., 21.5&#215;11 cm, papierpapier tekst: Melotex matpapier etsen: Hahnem\u00fchle B\u00fcttenletter: Sabon Antiquatypografie en band: Alfons van Heusdenillustraties: 4 etsen Toussaint Essersdrukker tekst: N.V. Drukkerij Hooiberg, Epedrukker etsen: Gerard van Rooy, Utrechtbinder: Boekbinderij Van Waarden, Zaandam voorgaand jaar&nbsp; &nbsp;&#8211;&nbsp; &nbsp; volgend jaar\" \/>\n<meta property=\"og:url\" content=\"https:\/\/www.stichtingderoos.nl\/roos151\/uitgave-148-1996\/\" \/>\n<meta property=\"og:site_name\" content=\"Stichting De Roos\" \/>\n<meta property=\"article:modified_time\" content=\"2019-06-27T20:33:10+00:00\" \/>\n<meta property=\"og:image\" content=\"http:\/\/www.stichtingderoos.nl\/roos151\/wp-content\/uploads\/2019\/06\/De-Roos-148.jpg\" \/>\n<meta name=\"twitter:card\" content=\"summary_large_image\" \/>\n<script type=\"application\/ld+json\" class=\"yoast-schema-graph\">{\"@context\":\"https:\\\/\\\/schema.org\",\"@graph\":[{\"@type\":\"WebPage\",\"@id\":\"https:\\\/\\\/www.stichtingderoos.nl\\\/roos151\\\/uitgave-148-1996\\\/\",\"url\":\"https:\\\/\\\/www.stichtingderoos.nl\\\/roos151\\\/uitgave-148-1996\\\/\",\"name\":\"Uitgave 148 (1996) - Stichting De Roos\",\"isPartOf\":{\"@id\":\"https:\\\/\\\/www.stichtingderoos.nl\\\/roos151\\\/#website\"},\"primaryImageOfPage\":{\"@id\":\"https:\\\/\\\/www.stichtingderoos.nl\\\/roos151\\\/uitgave-148-1996\\\/#primaryimage\"},\"image\":{\"@id\":\"https:\\\/\\\/www.stichtingderoos.nl\\\/roos151\\\/uitgave-148-1996\\\/#primaryimage\"},\"thumbnailUrl\":\"http:\\\/\\\/www.stichtingderoos.nl\\\/roos151\\\/wp-content\\\/uploads\\\/2019\\\/06\\\/De-Roos-148.jpg\",\"datePublished\":\"2019-06-26T21:10:58+00:00\",\"dateModified\":\"2019-06-27T20:33:10+00:00\",\"breadcrumb\":{\"@id\":\"https:\\\/\\\/www.stichtingderoos.nl\\\/roos151\\\/uitgave-148-1996\\\/#breadcrumb\"},\"inLanguage\":\"nl-NL\",\"potentialAction\":[{\"@type\":\"ReadAction\",\"target\":[\"https:\\\/\\\/www.stichtingderoos.nl\\\/roos151\\\/uitgave-148-1996\\\/\"]}]},{\"@type\":\"ImageObject\",\"inLanguage\":\"nl-NL\",\"@id\":\"https:\\\/\\\/www.stichtingderoos.nl\\\/roos151\\\/uitgave-148-1996\\\/#primaryimage\",\"url\":\"https:\\\/\\\/www.stichtingderoos.nl\\\/roos151\\\/wp-content\\\/uploads\\\/2019\\\/06\\\/De-Roos-148.jpg\",\"contentUrl\":\"https:\\\/\\\/www.stichtingderoos.nl\\\/roos151\\\/wp-content\\\/uploads\\\/2019\\\/06\\\/De-Roos-148.jpg\",\"width\":784,\"height\":349},{\"@type\":\"BreadcrumbList\",\"@id\":\"https:\\\/\\\/www.stichtingderoos.nl\\\/roos151\\\/uitgave-148-1996\\\/#breadcrumb\",\"itemListElement\":[{\"@type\":\"ListItem\",\"position\":1,\"name\":\"Home\",\"item\":\"https:\\\/\\\/www.stichtingderoos.nl\\\/roos151\\\/\"},{\"@type\":\"ListItem\",\"position\":2,\"name\":\"Uitgave 148 (1996)\"}]},{\"@type\":\"WebSite\",\"@id\":\"https:\\\/\\\/www.stichtingderoos.nl\\\/roos151\\\/#website\",\"url\":\"https:\\\/\\\/www.stichtingderoos.nl\\\/roos151\\\/\",\"name\":\"Stichting De Roos\",\"description\":\"Literaire uitgaven voor bibliofielen\",\"potentialAction\":[{\"@type\":\"SearchAction\",\"target\":{\"@type\":\"EntryPoint\",\"urlTemplate\":\"https:\\\/\\\/www.stichtingderoos.nl\\\/roos151\\\/?s={search_term_string}\"},\"query-input\":{\"@type\":\"PropertyValueSpecification\",\"valueRequired\":true,\"valueName\":\"search_term_string\"}}],\"inLanguage\":\"nl-NL\"}]}<\/script>\n<!-- \/ Yoast SEO plugin. -->","yoast_head_json":{"title":"Uitgave 148 (1996) - Stichting De Roos","robots":{"index":"index","follow":"follow","max-snippet":"max-snippet:-1","max-image-preview":"max-image-preview:large","max-video-preview":"max-video-preview:-1"},"canonical":"https:\/\/www.stichtingderoos.nl\/roos151\/uitgave-148-1996\/","og_locale":"nl_NL","og_type":"article","og_title":"Uitgave 148 (1996) - Stichting De Roos","og_description":"Jaar&nbsp;1996 &nbsp;Uitgave148 149 Geerten GossaertPriapae\u00ebn32 blz., 21.5&#215;11 cm, papierpapier tekst: Melotex matpapier etsen: Hahnem\u00fchle B\u00fcttenletter: Sabon Antiquatypografie en band: Alfons van Heusdenillustraties: 4 etsen Toussaint Essersdrukker tekst: N.V. Drukkerij Hooiberg, Epedrukker etsen: Gerard van Rooy, Utrechtbinder: Boekbinderij Van Waarden, Zaandam voorgaand jaar&nbsp; &nbsp;&#8211;&nbsp; &nbsp; volgend jaar","og_url":"https:\/\/www.stichtingderoos.nl\/roos151\/uitgave-148-1996\/","og_site_name":"Stichting De Roos","article_modified_time":"2019-06-27T20:33:10+00:00","og_image":[{"url":"http:\/\/www.stichtingderoos.nl\/roos151\/wp-content\/uploads\/2019\/06\/De-Roos-148.jpg","type":"","width":"","height":""}],"twitter_card":"summary_large_image","schema":{"@context":"https:\/\/schema.org","@graph":[{"@type":"WebPage","@id":"https:\/\/www.stichtingderoos.nl\/roos151\/uitgave-148-1996\/","url":"https:\/\/www.stichtingderoos.nl\/roos151\/uitgave-148-1996\/","name":"Uitgave 148 (1996) - Stichting De Roos","isPartOf":{"@id":"https:\/\/www.stichtingderoos.nl\/roos151\/#website"},"primaryImageOfPage":{"@id":"https:\/\/www.stichtingderoos.nl\/roos151\/uitgave-148-1996\/#primaryimage"},"image":{"@id":"https:\/\/www.stichtingderoos.nl\/roos151\/uitgave-148-1996\/#primaryimage"},"thumbnailUrl":"http:\/\/www.stichtingderoos.nl\/roos151\/wp-content\/uploads\/2019\/06\/De-Roos-148.jpg","datePublished":"2019-06-26T21:10:58+00:00","dateModified":"2019-06-27T20:33:10+00:00","breadcrumb":{"@id":"https:\/\/www.stichtingderoos.nl\/roos151\/uitgave-148-1996\/#breadcrumb"},"inLanguage":"nl-NL","potentialAction":[{"@type":"ReadAction","target":["https:\/\/www.stichtingderoos.nl\/roos151\/uitgave-148-1996\/"]}]},{"@type":"ImageObject","inLanguage":"nl-NL","@id":"https:\/\/www.stichtingderoos.nl\/roos151\/uitgave-148-1996\/#primaryimage","url":"https:\/\/www.stichtingderoos.nl\/roos151\/wp-content\/uploads\/2019\/06\/De-Roos-148.jpg","contentUrl":"https:\/\/www.stichtingderoos.nl\/roos151\/wp-content\/uploads\/2019\/06\/De-Roos-148.jpg","width":784,"height":349},{"@type":"BreadcrumbList","@id":"https:\/\/www.stichtingderoos.nl\/roos151\/uitgave-148-1996\/#breadcrumb","itemListElement":[{"@type":"ListItem","position":1,"name":"Home","item":"https:\/\/www.stichtingderoos.nl\/roos151\/"},{"@type":"ListItem","position":2,"name":"Uitgave 148 (1996)"}]},{"@type":"WebSite","@id":"https:\/\/www.stichtingderoos.nl\/roos151\/#website","url":"https:\/\/www.stichtingderoos.nl\/roos151\/","name":"Stichting De Roos","description":"Literaire uitgaven voor bibliofielen","potentialAction":[{"@type":"SearchAction","target":{"@type":"EntryPoint","urlTemplate":"https:\/\/www.stichtingderoos.nl\/roos151\/?s={search_term_string}"},"query-input":{"@type":"PropertyValueSpecification","valueRequired":true,"valueName":"search_term_string"}}],"inLanguage":"nl-NL"}]}},"_links":{"self":[{"href":"https:\/\/www.stichtingderoos.nl\/roos151\/wp-json\/wp\/v2\/pages\/2597","targetHints":{"allow":["GET"]}}],"collection":[{"href":"https:\/\/www.stichtingderoos.nl\/roos151\/wp-json\/wp\/v2\/pages"}],"about":[{"href":"https:\/\/www.stichtingderoos.nl\/roos151\/wp-json\/wp\/v2\/types\/page"}],"author":[{"embeddable":true,"href":"https:\/\/www.stichtingderoos.nl\/roos151\/wp-json\/wp\/v2\/users\/1"}],"replies":[{"embeddable":true,"href":"https:\/\/www.stichtingderoos.nl\/roos151\/wp-json\/wp\/v2\/comments?post=2597"}],"version-history":[{"count":3,"href":"https:\/\/www.stichtingderoos.nl\/roos151\/wp-json\/wp\/v2\/pages\/2597\/revisions"}],"predecessor-version":[{"id":2747,"href":"https:\/\/www.stichtingderoos.nl\/roos151\/wp-json\/wp\/v2\/pages\/2597\/revisions\/2747"}],"wp:attachment":[{"href":"https:\/\/www.stichtingderoos.nl\/roos151\/wp-json\/wp\/v2\/media?parent=2597"}],"curies":[{"name":"wp","href":"https:\/\/api.w.org\/{rel}","templated":true}]}}